{"id":2348,"date":"2021-09-10T16:16:26","date_gmt":"2021-09-10T14:16:26","guid":{"rendered":"https:\/\/cinelefoyer.fr\/?page_id=2348"},"modified":"2023-09-27T23:00:53","modified_gmt":"2023-09-27T21:00:53","slug":"2348-2","status":"publish","type":"page","link":"https:\/\/cinelefoyer.fr\/","title":{"rendered":""},"content":{"rendered":"\r\n<div class=\"wp-block-columns is-layout-flex wp-container-2 wp-block-columns-is-layout-flex\">\r\n<div class=\"wp-block-column is-layout-flow wp-block-column-is-layout-flow\"><!-- START All-in-One Event Calendar Plugin - Version2.5.32 --> <div id=\"ai1ec-container\" class=\"ai1ec-main-container\"> <!-- AI1EC_PAGE_CONTENT_PLACEHOLDER --> <div id=\"ai1ec-calendar\" class=\"timely ai1ec-calendar\"> <div class=\"timely ai1ec-calendar-toolbar ai1ec-clearfix \"> <ul class=\"ai1ec-nav ai1ec-nav-pills ai1ec-pull-left ai1ec-filters\"><li class=\"ai1ec-dropdown ai1ec-category-filter ai1ec-cat-filter\" data-slug=\"cat\"> <a class=\"ai1ec-dropdown-toggle\" data-toggle=\"ai1ec-dropdown\"> <i class=\"ai1ec-fa ai1ec-fa-folder-open\"><\/i> <span class=\"ai1ec-clear-filter ai1ec-tooltip-trigger\" data-href=\"https:\/\/cinelefoyer.fr\/index.php\/calendar-5\/action~agenda\/request_format~json\/\"data-type=\"jsonp\" title=\" Effacer le filtre de cat\u00e9gorie \"> <i class=\"ai1ec-fa ai1ec-fa-times-circle\"><\/i> <\/span>Cat\u00e9gories <span class=\"ai1ec-caret\"><\/span> <\/a> <div class=\"ai1ec-dropdown-menu\"> <div data-term=\"7340\"> <a class=\"ai1ec-load-view ai1ec-category ai1ec-cat\"data-type=\"jsonp\" href=\"https:\/\/cinelefoyer.fr\/index.php\/calendar-5\/action~agenda\/request_format~json\/cat_ids~7340\/\"> <span class=\"ai1ec-color-swatch-empty\"><\/span>- 11 ans <\/a> <\/div> <div data-term=\"32\"> <a class=\"ai1ec-load-view ai1ec-category ai1ec-cat\"data-type=\"jsonp\" href=\"https:\/\/cinelefoyer.fr\/index.php\/calendar-5\/action~agenda\/request_format~json\/cat_ids~32\/\"> <span class=\"ai1ec-color-swatch-empty\"><\/span>- 12 ans <\/a> <\/div> <div data-term=\"3317\"> <a class=\"ai1ec-load-view ai1ec-category ai1ec-cat\"data-type=\"jsonp\" href=\"https:\/\/cinelefoyer.fr\/index.php\/calendar-5\/action~agenda\/request_format~json\/cat_ids~3317\/\"> <span class=\"ai1ec-color-swatch-empty\"><\/span>3\u20ac <\/a> <\/div> <div data-term=\"33\"> <a class=\"ai1ec-load-view ai1ec-category ai1ec-cat\"data-type=\"jsonp\" href=\"https:\/\/cinelefoyer.fr\/index.php\/calendar-5\/action~agenda\/request_format~json\/cat_ids~33\/\"> <span class=\"ai1ec-color-swatch-empty\"><\/span>4\u20ac pour tous <\/a> <\/div> <div data-term=\"12078\"> <a class=\"ai1ec-load-view ai1ec-category ai1ec-cat\"data-type=\"jsonp\" href=\"https:\/\/cinelefoyer.fr\/index.php\/calendar-5\/action~agenda\/request_format~json\/cat_ids~12078\/\"> <span class=\"ai1ec-color-swatch-empty\"><\/span>5\u20ac pour tous <\/a> <\/div> <div data-term=\"1027\"> <a class=\"ai1ec-load-view ai1ec-category ai1ec-cat\"data-type=\"jsonp\" href=\"https:\/\/cinelefoyer.fr\/index.php\/calendar-5\/action~agenda\/request_format~json\/cat_ids~1027\/\"> <span class=\"ai1ec-color-swatch-empty\"><\/span>attention horaire sp\u00e9cial <\/a> <\/div> <div data-term=\"5181\"> <a class=\"ai1ec-load-view ai1ec-category ai1ec-cat\"data-type=\"jsonp\" href=\"https:\/\/cinelefoyer.fr\/index.php\/calendar-5\/action~agenda\/request_format~json\/cat_ids~5181\/\"> <span class=\"ai1ec-color-swatch-empty\"><\/span>Attention s\u00e9ance \u00e0 20h00 <\/a> <\/div> <div data-term=\"35\"> <a class=\"ai1ec-load-view ai1ec-category ai1ec-cat\"data-type=\"jsonp\" href=\"https:\/\/cinelefoyer.fr\/index.php\/calendar-5\/action~agenda\/request_format~json\/cat_ids~35\/\"> <span class=\"ai1ec-color-swatch-empty\"><\/span>Avertissement <\/a> <\/div> <div data-term=\"1522\"> <a class=\"ai1ec-load-view ai1ec-category ai1ec-cat\"data-type=\"jsonp\" href=\"https:\/\/cinelefoyer.fr\/index.php\/calendar-5\/action~agenda\/request_format~json\/cat_ids~1522\/\"> <span class=\"ai1ec-color-swatch-empty\"><\/span>Ch'tiot Cin\u00e9 <\/a> <\/div> <div data-term=\"36\"> <a class=\"ai1ec-load-view ai1ec-category ai1ec-cat\"data-type=\"jsonp\" href=\"https:\/\/cinelefoyer.fr\/index.php\/calendar-5\/action~agenda\/request_format~json\/cat_ids~36\/\"> <span class=\"ai1ec-color-swatch-empty\"><\/span>Coup de coeur <\/a> <\/div> <div data-term=\"37\"> <a class=\"ai1ec-load-view ai1ec-category ai1ec-cat\"data-type=\"jsonp\" href=\"https:\/\/cinelefoyer.fr\/index.php\/calendar-5\/action~agenda\/request_format~json\/cat_ids~37\/\"> <span class=\"ai1ec-color-swatch-empty\"><\/span>D\u00e9bat <\/a> <\/div> <div data-term=\"38\"> <a class=\"ai1ec-load-view ai1ec-category ai1ec-cat\"data-type=\"jsonp\" href=\"https:\/\/cinelefoyer.fr\/index.php\/calendar-5\/action~agenda\/request_format~json\/cat_ids~38\/\"> <span class=\"ai1ec-color-swatch-empty\"><\/span>Documentaire <\/a> <\/div> <div data-term=\"1026\"> <a class=\"ai1ec-load-view ai1ec-category ai1ec-cat\"data-type=\"jsonp\" href=\"https:\/\/cinelefoyer.fr\/index.php\/calendar-5\/action~agenda\/request_format~json\/cat_ids~1026\/\"> <span class=\"ai1ec-color-swatch-empty\"><\/span>entr\u00e9e gratuite pour l'adulte accompagnant <\/a> <\/div> <div data-term=\"39\"> <a class=\"ai1ec-load-view ai1ec-category ai1ec-cat\"data-type=\"jsonp\" href=\"https:\/\/cinelefoyer.fr\/index.php\/calendar-5\/action~agenda\/request_format~json\/cat_ids~39\/\"> <span class=\"ai1ec-color-swatch-empty\"><\/span>\u00c9v\u00e9nement <\/a> <\/div> <div data-term=\"1521\"> <a class=\"ai1ec-load-view ai1ec-category ai1ec-cat\"data-type=\"jsonp\" href=\"https:\/\/cinelefoyer.fr\/index.php\/calendar-5\/action~agenda\/request_format~json\/cat_ids~1521\/\"> <span class=\"ai1ec-color-swatch-empty\"><\/span>Festival de Lille des Hommes et des Films <\/a> <\/div> <div data-term=\"6111\"> <a class=\"ai1ec-load-view ai1ec-category ai1ec-cat\"data-type=\"jsonp\" href=\"https:\/\/cinelefoyer.fr\/index.php\/calendar-5\/action~agenda\/request_format~json\/cat_ids~6111\/\"> <span class=\"ai1ec-color-swatch-empty\"><\/span>Festival du Film du Dioc\u00e8se de Lille <\/a> <\/div> <div data-term=\"4028\"> <a class=\"ai1ec-load-view ai1ec-category ai1ec-cat\"data-type=\"jsonp\" href=\"https:\/\/cinelefoyer.fr\/index.php\/calendar-5\/action~agenda\/request_format~json\/cat_ids~4028\/\"> <span class=\"ai1ec-color-swatch-empty\"><\/span>F\u00eate de la musique <\/a> <\/div> <div data-term=\"40\"> <a class=\"ai1ec-load-view ai1ec-category ai1ec-cat\"data-type=\"jsonp\" href=\"https:\/\/cinelefoyer.fr\/index.php\/calendar-5\/action~agenda\/request_format~json\/cat_ids~40\/\"> <span class=\"ai1ec-color-swatch-empty\"><\/span>F\u00eate du Cin\u00e9ma <\/a> <\/div> <div data-term=\"4344\"> <a class=\"ai1ec-load-view ai1ec-category ai1ec-cat\"data-type=\"jsonp\" href=\"https:\/\/cinelefoyer.fr\/index.php\/calendar-5\/action~agenda\/request_format~json\/cat_ids~4344\/\"> <span class=\"ai1ec-color-swatch-empty\"><\/span>Interdit aux moins de 16 ans <\/a> <\/div> <div data-term=\"1154\"> <a class=\"ai1ec-load-view ai1ec-category ai1ec-cat\"data-type=\"jsonp\" href=\"https:\/\/cinelefoyer.fr\/index.php\/calendar-5\/action~agenda\/request_format~json\/cat_ids~1154\/\"> <span class=\"ai1ec-color-swatch-empty\"><\/span>Le printemps du Cin\u00e9ma <\/a> <\/div> <div data-term=\"8263\"> <a class=\"ai1ec-load-view ai1ec-category ai1ec-cat\"data-type=\"jsonp\" href=\"https:\/\/cinelefoyer.fr\/index.php\/calendar-5\/action~agenda\/request_format~json\/cat_ids~8263\/\"> <span class=\"ai1ec-color-swatch-empty\"><\/span>Lundi Bleu <\/a> <\/div> <div data-term=\"790\"> <a class=\"ai1ec-load-view ai1ec-category ai1ec-cat\"data-type=\"jsonp\" href=\"https:\/\/cinelefoyer.fr\/index.php\/calendar-5\/action~agenda\/request_format~json\/cat_ids~790\/\"> <span class=\"ai1ec-color-swatch-empty\"><\/span>Palme D'Or <\/a> <\/div> <div data-term=\"41\"> <a class=\"ai1ec-load-view ai1ec-category ai1ec-cat\"data-type=\"jsonp\" href=\"https:\/\/cinelefoyer.fr\/index.php\/calendar-5\/action~agenda\/request_format~json\/cat_ids~41\/\"> <span class=\"ai1ec-color-swatch-empty\"><\/span>Recommand\u00e9 <\/a> <\/div> <div data-term=\"4102\"> <a class=\"ai1ec-load-view ai1ec-category ai1ec-cat\"data-type=\"jsonp\" href=\"https:\/\/cinelefoyer.fr\/index.php\/calendar-5\/action~agenda\/request_format~json\/cat_ids~4102\/\"> <span class=\"ai1ec-color-swatch-empty\"><\/span>Recommand\u00e9 pour les enfants <\/a> <\/div> <div data-term=\"9014\"> <a class=\"ai1ec-load-view ai1ec-category ai1ec-cat\"data-type=\"jsonp\" href=\"https:\/\/cinelefoyer.fr\/index.php\/calendar-5\/action~agenda\/request_format~json\/cat_ids~9014\/\"> <span class=\"ai1ec-color-swatch-empty\"><\/span>Reprise exceptionnelle <\/a> <\/div> <div data-term=\"529\"> <a class=\"ai1ec-load-view ai1ec-category ai1ec-cat\"data-type=\"jsonp\" href=\"https:\/\/cinelefoyer.fr\/index.php\/calendar-5\/action~agenda\/request_format~json\/cat_ids~529\/\"> <span class=\"ai1ec-color-swatch-empty\"><\/span>S\u00e9ance Unique <\/a> <\/div> <div data-term=\"42\"> <a class=\"ai1ec-load-view ai1ec-category ai1ec-cat\"data-type=\"jsonp\" href=\"https:\/\/cinelefoyer.fr\/index.php\/calendar-5\/action~agenda\/request_format~json\/cat_ids~42\/\"> <span class=\"ai1ec-color-swatch-empty\"><\/span>Semaine Bleue <\/a> <\/div> <div data-term=\"7079\"> <a class=\"ai1ec-load-view ai1ec-category ai1ec-cat\"data-type=\"jsonp\" href=\"https:\/\/cinelefoyer.fr\/index.php\/calendar-5\/action~agenda\/request_format~json\/cat_ids~7079\/\"> <span class=\"ai1ec-color-swatch-empty\"><\/span>Sous-titrage partiel <\/a> <\/div> <div data-term=\"43\"> <a class=\"ai1ec-load-view ai1ec-category ai1ec-cat\"data-type=\"jsonp\" href=\"https:\/\/cinelefoyer.fr\/index.php\/calendar-5\/action~agenda\/request_format~json\/cat_ids~43\/\"> <span class=\"ai1ec-color-swatch-empty\"><\/span>Th\u00e9\u00e2tre <\/a> <\/div> <div data-term=\"45\"> <a class=\"ai1ec-load-view ai1ec-category ai1ec-cat\"data-type=\"jsonp\" href=\"https:\/\/cinelefoyer.fr\/index.php\/calendar-5\/action~agenda\/request_format~json\/cat_ids~45\/\"> <span class=\"ai1ec-color-swatch-empty\"><\/span>VOSTFR <\/a> <\/div> <\/div> <\/li> <li class=\"ai1ec-dropdown ai1ec-tag-filter\" data-slug=\"tag\"> <a class=\"ai1ec-dropdown-toggle\" data-toggle=\"ai1ec-dropdown\"> <i class=\"ai1ec-fa ai1ec-fa-tags\"><\/i> <span class=\"ai1ec-clear-filter ai1ec-tooltip-trigger\" data-href=\"https:\/\/cinelefoyer.fr\/index.php\/calendar-5\/action~agenda\/request_format~json\/\"data-type=\"jsonp\" title=\"Effacer le filtre d\u2019\u00e9tiquette\"> <i class=\"ai1ec-fa ai1ec-fa-times-circle\"><\/i> <\/span>\u00c9tiquettes <span class=\"ai1ec-caret\"><\/span> <\/a> <div class=\"ai1ec-dropdown-menu\"> <span data-term=\"31\"> <a class=\"ai1ec-load-view ai1ec-tag\"data-type=\"jsonp\" href=\"https&#x3A;&#x2F;&#x2F;cinelefoyer.fr&#x2F;index.php&#x2F;calendar-5&#x2F;action&#x7E;agenda&#x2F;request_format&#x7E;json&#x2F;tag_ids&#x7E;31&#x2F;\">Allum\u00e9s <\/a> <\/span> <span data-term=\"30\"> <a class=\"ai1ec-load-view ai1ec-tag\"data-type=\"jsonp\" href=\"https&#x3A;&#x2F;&#x2F;cinelefoyer.fr&#x2F;index.php&#x2F;calendar-5&#x2F;action&#x7E;agenda&#x2F;request_format&#x7E;json&#x2F;tag_ids&#x7E;30&#x2F;\">C\u00f4t\u00e9 Cour C\u00f4t\u00e9 Jardin <\/a> <\/span> <span data-term=\"319\"> <a class=\"ai1ec-load-view ai1ec-tag\"data-type=\"jsonp\" href=\"https&#x3A;&#x2F;&#x2F;cinelefoyer.fr&#x2F;index.php&#x2F;calendar-5&#x2F;action&#x7E;agenda&#x2F;request_format&#x7E;json&#x2F;tag_ids&#x7E;319&#x2F;\">Les Belles Sorties <\/a> <\/span> <span data-term=\"11548\"> <a class=\"ai1ec-load-view ai1ec-tag\"data-type=\"jsonp\" href=\"https&#x3A;&#x2F;&#x2F;cinelefoyer.fr&#x2F;index.php&#x2F;calendar-5&#x2F;action&#x7E;agenda&#x2F;request_format&#x7E;json&#x2F;tag_ids&#x7E;11548&#x2F;\">Lys en sc\u00e8ne <\/a> <\/span> <span data-term=\"5456\"> <a class=\"ai1ec-load-view ai1ec-tag\"data-type=\"jsonp\" href=\"https&#x3A;&#x2F;&#x2F;cinelefoyer.fr&#x2F;index.php&#x2F;calendar-5&#x2F;action&#x7E;agenda&#x2F;request_format&#x7E;json&#x2F;tag_ids&#x7E;5456&#x2F;\">Th\u00e9\u00e2tre <\/a> <\/span> <\/div> <\/li> <\/ul> <div class=\"ai1ec-pull-right\"> <\/div> <\/div> <div id=\"ai1ec-calendar-view-container\" class=\"ai1ec-calendar-view-container\"> <div id=\"ai1ec-calendar-view-loading\" class=\"ai1ec-loading ai1ec-calendar-view-loading\"><\/div> <div id=\"ai1ec-calendar-view\" class=\"ai1ec-calendar-view\"><div class=\"ai1ec-clearfix\"> <div class=\"ai1ec-title-buttons ai1ec-btn-toolbar\"><div class=\"ai1ec-pagination ai1ec-btn-group\"> <a class=\"ai1ec-prev-page ai1ec-load-view ai1ec-btn ai1ec-btn-sm ai1ec-btn-default\"data-type=\"jsonp\" href=\"https&#x3A;&#x2F;&#x2F;cinelefoyer.fr&#x2F;index.php&#x2F;calendar-5&#x2F;action&#x7E;agenda&#x2F;page_offset&#x7E;-1&#x2F;request_format&#x7E;json&#x2F;\"><i class=\"ai1ec-fa ai1ec-fa-chevron-left\"><\/i> <\/a><a class=\"ai1ec-minical-trigger ai1ec-btn ai1ec-btn-sm ai1ec-btn-default ai1ec-tooltip-trigger\"data-date=\"11\/4\/2026\"data-date-format=\"d\/m\/yyyy\"data-date-weekstart=\"0\"href=\"#\"data-href=\"https:\/\/cinelefoyer.fr\/index.php\/calendar-5\/action~agenda\/exact_date~__DATE__\/\"data-lang=\"fr-FR\"data-type=\"jsonp\" title=\"Choisissez une date au moyen du calendrier\" > <i class=\"ai1ec-fa ai1ec-fa-calendar-o ai1ec-fa-fw ai1ec-fa-lg\"><\/i> <span class=\"ai1ec-calendar-title\">avril 2026<\/span> <span class=\"ai1ec-calendar-title-short\">Avr 2026<\/span> <\/a> <a class=\"ai1ec-next-page ai1ec-load-view ai1ec-btn ai1ec-btn-sm ai1ec-btn-defaultai1ec-disabled\"data-type=\"jsonp\" href=\"https&#x3A;&#x2F;&#x2F;cinelefoyer.fr&#x2F;index.php&#x2F;calendar-5&#x2F;action&#x7E;agenda&#x2F;page_offset&#x7E;1&#x2F;request_format&#x7E;json&#x2F;\"><i class=\"ai1ec-fa ai1ec-fa-chevron-right\"><\/i> <\/a><\/div> <\/div><\/div> <div class=\"ai1ec-agenda-view\"> <p class=\"ai1ec-no-results\">Il n\u2019y a aucun \u00e9v\u00e8nement \u00e0 venir pour le moment. <\/p><\/div> <div class=\"ai1ec-pull-left\"><div class=\"ai1ec-pagination ai1ec-btn-group\"> <a class=\"ai1ec-prev-page ai1ec-load-view ai1ec-btn ai1ec-btn-sm ai1ec-btn-default\"data-type=\"jsonp\" href=\"https&#x3A;&#x2F;&#x2F;cinelefoyer.fr&#x2F;index.php&#x2F;calendar-5&#x2F;action&#x7E;agenda&#x2F;page_offset&#x7E;-1&#x2F;request_format&#x7E;json&#x2F;\"><i class=\"ai1ec-fa ai1ec-fa-chevron-left\"><\/i> <\/a><a class=\"ai1ec-minical-trigger ai1ec-btn ai1ec-btn-sm ai1ec-btn-default ai1ec-tooltip-trigger\"data-date=\"11\/4\/2026\"data-date-format=\"d\/m\/yyyy\"data-date-weekstart=\"0\"href=\"#\"data-href=\"https:\/\/cinelefoyer.fr\/index.php\/calendar-5\/action~agenda\/exact_date~__DATE__\/\"data-lang=\"fr-FR\"data-type=\"jsonp\" title=\"Choisissez une date au moyen du calendrier\" > <i class=\"ai1ec-fa ai1ec-fa-calendar-o ai1ec-fa-fw ai1ec-fa-lg\"><\/i> <span class=\"ai1ec-calendar-title\">avril 2026<\/span> <span class=\"ai1ec-calendar-title-short\">Avr 2026<\/span> <\/a> <a class=\"ai1ec-next-page ai1ec-load-view ai1ec-btn ai1ec-btn-sm ai1ec-btn-defaultai1ec-disabled\"data-type=\"jsonp\" href=\"https&#x3A;&#x2F;&#x2F;cinelefoyer.fr&#x2F;index.php&#x2F;calendar-5&#x2F;action&#x7E;agenda&#x2F;page_offset&#x7E;1&#x2F;request_format&#x7E;json&#x2F;\"><i class=\"ai1ec-fa ai1ec-fa-chevron-right\"><\/i> <\/a><\/div> <\/div> <\/div> <\/div> <div class=\"ai1ec-subscribe-container ai1ec-pull-right ai1ec-btn-group\"> <\/div> <\/div><!-- \/.timely --> <\/div><!-- END All-in-One Event Calendar Plugin --> <\/div>\r\n\r\n\r\n\r\n<div class=\"wp-block-column is-layout-flow wp-block-column-is-layout-flow\"><div id=\"fb-root\"><\/div>\r\n<script>\r\n\t(function(d){\r\n\t\tvar js, id = 'facebook-jssdk';\r\n\t\tif (d.getElementById(id)) {return;}\r\n\t\tjs = d.createElement('script');\r\n\t\tjs.id = id;\r\n\t\tjs.async = true;\r\n\t\tjs.src = \"\/\/connect.facebook.net\/en_US\/all.js#xfbml=1\";\r\n\t\td.getElementsByTagName('head')[0].appendChild(js);\r\n\t}(document));\r\n<\/script>\r\n<!-- SFPlugin by topdevs.net -->\r\n<!-- Page Plugin Code START -->\r\n<div class=\"sfp-container\">\r\n\t<div class=\"fb-page\"\r\n\t\tdata-href=\"https:\/\/www.facebook.com\/cinelefoyerbousbecque\"\r\n\t\tdata-width=\"800\"\r\n\t\tdata-height=\"1000\"\r\n\t\tdata-hide-cover=\"true\"\r\n\t\tdata-show-facepile=\"false\"\r\n\t\tdata-small-header=\"false\"\r\n\t\tdata-tabs=\"timeline\">\r\n\t<\/div>\r\n<\/div>\r\n<!-- Page Plugin Code END -->\n<\/div>\r\n<\/div>\r\n<!-- \/wp:columns -->","protected":false},"excerpt":{"rendered":"","protected":false},"author":2,"featured_media":0,"parent":0,"menu_order":0,"comment_status":"closed","ping_status":"closed","template":"","meta":{"_mi_skip_tracking":false,"_exactmetrics_sitenote_active":false,"_exactmetrics_sitenote_note":"","_exactmetrics_sitenote_category":0,"footnotes":""},"_links":{"self":[{"href":"https:\/\/cinelefoyer.fr\/index.php\/wp-json\/wp\/v2\/pages\/2348"}],"collection":[{"href":"https:\/\/cinelefoyer.fr\/index.php\/wp-json\/wp\/v2\/pages"}],"about":[{"href":"https:\/\/cinelefoyer.fr\/index.php\/wp-json\/wp\/v2\/types\/page"}],"author":[{"embeddable":true,"href":"https:\/\/cinelefoyer.fr\/index.php\/wp-json\/wp\/v2\/users\/2"}],"replies":[{"embeddable":true,"href":"https:\/\/cinelefoyer.fr\/index.php\/wp-json\/wp\/v2\/comments?post=2348"}],"version-history":[{"count":20,"href":"https:\/\/cinelefoyer.fr\/index.php\/wp-json\/wp\/v2\/pages\/2348\/revisions"}],"predecessor-version":[{"id":3782,"href":"https:\/\/cinelefoyer.fr\/index.php\/wp-json\/wp\/v2\/pages\/2348\/revisions\/3782"}],"wp:attachment":[{"href":"https:\/\/cinelefoyer.fr\/index.php\/wp-json\/wp\/v2\/media?parent=2348"}],"curies":[{"name":"wp","href":"https:\/\/api.w.org\/{rel}","templated":true}]}}