{"id":2319,"date":"2020-11-27T23:03:59","date_gmt":"2020-11-27T22:03:59","guid":{"rendered":"https:\/\/cinelefoyer.fr\/?page_id=2319"},"modified":"2024-03-03T16:33:13","modified_gmt":"2024-03-03T15:33:13","slug":"newsletter-2","status":"publish","type":"page","link":"https:\/\/cinelefoyer.fr\/index.php\/newsletter-2\/","title":{"rendered":"Newsletter"},"content":{"rendered":"<h4><img decoding=\"async\" loading=\"lazy\" class=\"wp-image-2326 alignright\" src=\"https:\/\/cinelefoyer.fr\/wp-content\/uploads\/2020\/11\/charlot-programme.png\" alt=\"\" width=\"533\" height=\"650\" \/>Vous voulez \u00eatre au courant de tous les \u00e9v\u00e9nements ou manifestation au Cin\u00e9ma Le Foyer ?<br \/>\nVous voulez recevoir le programme de la semaine par mail et \u00eatre au courant de toutes les nouveaut\u00e9s ?<\/h4>\n<p>Alors, inscrivez-vous ci-dessous \u00e0 notre <span class=\"spellmod\" title=\"\">newsletter<\/span>.<\/p>\n<p style=\"text-align: center;\">  \n  \n  <div class=\"\n    mailpoet_form_popup_overlay\n      \"><\/div>\n  <div\n    id=\"mailpoet_form_2\"\n    class=\"\n      mailpoet_form\n      mailpoet_form_shortcode\n      mailpoet_form_position_\n      mailpoet_form_animation_\n    \"\n      >\n\n    <style type=\"text\/css\">\n     #mailpoet_form_2 .mailpoet_form {  }\n#mailpoet_form_2 .mailpoet_column_with_background { padding: 10px; }\n#mailpoet_form_2 .mailpoet_form_column:not(:first-child) { margin-left: 20px; }\n#mailpoet_form_2 .mailpoet_paragraph { line-height: 20px; margin-bottom: 20px; }\n#mailpoet_form_2 .mailpoet_segment_label, #mailpoet_form_2 .mailpoet_text_label, #mailpoet_form_2 .mailpoet_textarea_label, #mailpoet_form_2 .mailpoet_select_label, #mailpoet_form_2 .mailpoet_radio_label, #mailpoet_form_2 .mailpoet_checkbox_label, #mailpoet_form_2 .mailpoet_list_label, #mailpoet_form_2 .mailpoet_date_label { display: block; font-weight: normal; }\n#mailpoet_form_2 .mailpoet_text, #mailpoet_form_2 .mailpoet_textarea, #mailpoet_form_2 .mailpoet_select, #mailpoet_form_2 .mailpoet_date_month, #mailpoet_form_2 .mailpoet_date_day, #mailpoet_form_2 .mailpoet_date_year, #mailpoet_form_2 .mailpoet_date { display: block; }\n#mailpoet_form_2 .mailpoet_text, #mailpoet_form_2 .mailpoet_textarea { width: 200px; }\n#mailpoet_form_2 .mailpoet_checkbox {  }\n#mailpoet_form_2 .mailpoet_submit {  }\n#mailpoet_form_2 .mailpoet_divider {  }\n#mailpoet_form_2 .mailpoet_message {  }\n#mailpoet_form_2 .mailpoet_form_loading { width: 30px; text-align: center; line-height: normal; }\n#mailpoet_form_2 .mailpoet_form_loading > span { width: 5px; height: 5px; background-color: #5b5b5b; }#mailpoet_form_2{border-radius: 0px;text-align: left;}#mailpoet_form_2 form.mailpoet_form {padding: 20px;}#mailpoet_form_2{width: 40%;}#mailpoet_form_2 .mailpoet_message {margin: 0; padding: 0 20px;}#mailpoet_form_2 .mailpoet_paragraph.last {margin-bottom: 0} @media (max-width: 500px) {#mailpoet_form_2 {background-image: none;}} @media (min-width: 500px) {#mailpoet_form_2 .last .mailpoet_paragraph:last-child {margin-bottom: 0}}  @media (max-width: 500px) {#mailpoet_form_2 .mailpoet_form_column:last-child .mailpoet_paragraph:last-child {margin-bottom: 0}} \n    <\/style>\n\n    <form\n      target=\"_self\"\n      method=\"post\"\n      action=\"https:\/\/cinelefoyer.fr\/wp-admin\/admin-post.php?action=mailpoet_subscription_form\"\n      class=\"mailpoet_form mailpoet_form_form mailpoet_form_shortcode\"\n      novalidate\n      data-delay=\"\"\n      data-exit-intent-enabled=\"\"\n      data-font-family=\"\"\n      data-cookie-expiration-time=\"\"\n    >\n      <input type=\"hidden\" name=\"data[form_id]\" value=\"2\" \/>\n      <input type=\"hidden\" name=\"token\" value=\"e85e1d1a92\" \/>\n      <input type=\"hidden\" name=\"api_version\" value=\"v1\" \/>\n      <input type=\"hidden\" name=\"endpoint\" value=\"subscribers\" \/>\n      <input type=\"hidden\" name=\"mailpoet_method\" value=\"subscribe\" \/>\n\n      <label class=\"mailpoet_hp_email_label\" style=\"display: none !important;\">Veuillez laisser ce champ vide<input type=\"email\" name=\"data[email]\"\/><\/label><div class=\"mailpoet_paragraph \"><label for=\"form_first_name_2\" class=\"mailpoet-screen-reader-text\" data-automation-id=\"form_first_name_label\" >Pr\u00e9nom<\/label><input type=\"text\" autocomplete=\"given-name\" class=\"mailpoet_text\" id=\"form_first_name_2\" name=\"data[form_field_ODc1NDE2NGVhZWNhX2ZpcnN0X25hbWU=]\" title=\"Pr\u00e9nom\" value=\"\" style=\"width:100%;box-sizing:border-box;padding:5px;margin: 0 auto 0 0;\" data-automation-id=\"form_first_name\"  placeholder=\"Pr\u00e9nom\" data-parsley-names='[&quot;Veuillez sp\\u00e9cifier un nom valide.&quot;,&quot;Les adresses dans les noms ne sont pas autoris\\u00e9es, veuillez ajouter votre nom \\u00e0 la place.&quot;]'\/><\/div>\n<div class=\"mailpoet_paragraph \"><label for=\"form_last_name_2\" class=\"mailpoet-screen-reader-text\" data-automation-id=\"form_last_name_label\" >Nom<\/label><input type=\"text\" autocomplete=\"family-name\" class=\"mailpoet_text\" id=\"form_last_name_2\" name=\"data[form_field_MTgzNjdlZjVhYzViX2xhc3RfbmFtZQ==]\" title=\"Nom\" value=\"\" style=\"width:100%;box-sizing:border-box;padding:5px;margin: 0 auto 0 0;\" data-automation-id=\"form_last_name\"  placeholder=\"Nom\" data-parsley-names='[&quot;Veuillez sp\\u00e9cifier un nom valide.&quot;,&quot;Les adresses dans les noms ne sont pas autoris\\u00e9es, veuillez ajouter votre nom \\u00e0 la place.&quot;]'\/><\/div>\n<div class=\"mailpoet_paragraph \"><label for=\"form_1_2\" class=\"mailpoet-screen-reader-text\" >Ville <span class=\"mailpoet_required\">*<\/span><\/label><input type=\"text\" autocomplete=\"on\" class=\"mailpoet_text\" id=\"form_1_2\" name=\"data[cf_1]\" title=\"Ville\" value=\"\" style=\"width:100%;box-sizing:border-box;padding:5px;margin: 0 auto 0 0;\"   placeholder=\"Ville *\" data-parsley-required=\"true\" data-parsley-errors-container=\".mailpoet_error_1_\" data-parsley-required-message=\"Ce champ est n\u00e9cessaire.\"\/><\/div>\n<div class=\"mailpoet_paragraph \"><label for=\"form_email_2\" class=\"mailpoet-screen-reader-text\" data-automation-id=\"form_email_label\" >E-mail <span class=\"mailpoet_required\">*<\/span><\/label><input type=\"email\" autocomplete=\"email\" class=\"mailpoet_text\" id=\"form_email_2\" name=\"data[form_field_NWZiN2NkNWYyMWQ5X2VtYWls]\" title=\"E-mail\" value=\"\" style=\"width:100%;box-sizing:border-box;padding:5px;margin: 0 auto 0 0;\" data-automation-id=\"form_email\"  placeholder=\"E-mail *\" data-parsley-required=\"true\" data-parsley-minlength=\"6\" data-parsley-maxlength=\"150\" data-parsley-type-message=\"Cette valeur doit \u00eatre un e-mail valide.\" data-parsley-errors-container=\".mailpoet_error_email_\" data-parsley-required-message=\"Ce champ est n\u00e9cessaire.\"\/><\/div>\n<div class=\"mailpoet_paragraph \"><input type=\"submit\" class=\"mailpoet_submit\" value=\"Je m\u2019abonne\u00a0!\" data-automation-id=\"subscribe-submit-button\" style=\"width:100%;box-sizing:border-box;padding:5px;margin: 0 auto 0 0;border-color:transparent;\" \/><span class=\"mailpoet_form_loading\"><span class=\"mailpoet_bounce1\"><\/span><span class=\"mailpoet_bounce2\"><\/span><span class=\"mailpoet_bounce3\"><\/span><\/span><\/div>\n\n      <div class=\"mailpoet_message\">\n        <p class=\"mailpoet_validate_success\"\n                style=\"display:none;\"\n                >V\u00e9rifiez votre boite de r\u00e9ception ou votre r\u00e9pertoire d\u2019ind\u00e9sirables pour confirmer votre abonnement.\n        <\/p>\n        <p class=\"mailpoet_validate_error\"\n                style=\"display:none;\"\n                >        <\/p>\n      <\/div>\n    <\/form>\n\n      <\/div>\n\n  \n<p>&nbsp;<\/p>\n<h2>Archives des Newsletters<\/h2>\n<ul class=\"mailpoet_archive\"><li><span class=\"mailpoet_archive_date\">1 mars 2026<\/span>\n          <span class=\"mailpoet_archive_subject\"><a href=\"https:\/\/cinelefoyer.fr?mailpoet_router&amp;endpoint=view_in_browser&amp;action=view&amp;data=WzI0NywiNzRkOWU2ZjY5OWYxIiwwLDAsMjI5LDFd\" target=\"_blank\" title=\"Aper\u00e7u dans un nouvel onglet\">Prochainement au cin\u00e9ma le foyer<\/a><\/span>\n        <\/li><li><span class=\"mailpoet_archive_date\">22 f\u00e9vrier 2026<\/span>\n          <span class=\"mailpoet_archive_subject\"><a href=\"https:\/\/cinelefoyer.fr?mailpoet_router&amp;endpoint=view_in_browser&amp;action=view&amp;data=WzI0NiwiYmUyNGQ2NDZmOGZhIiwwLDAsMjI4LDFd\" target=\"_blank\" title=\"Aper\u00e7u dans un nouvel onglet\">Prochainement au cin\u00e9ma le foyer<\/a><\/span>\n        <\/li><li><span class=\"mailpoet_archive_date\">15 f\u00e9vrier 2026<\/span>\n          <span class=\"mailpoet_archive_subject\"><a href=\"https:\/\/cinelefoyer.fr?mailpoet_router&amp;endpoint=view_in_browser&amp;action=view&amp;data=WzI0NSwiZTQ5YmExMzFhZGJkIiwwLDAsMjI3LDFd\" target=\"_blank\" title=\"Aper\u00e7u dans un nouvel onglet\">Prochainement au cin\u00e9ma le foyer<\/a><\/span>\n        <\/li><li><span class=\"mailpoet_archive_date\">8 f\u00e9vrier 2026<\/span>\n          <span class=\"mailpoet_archive_subject\"><a href=\"https:\/\/cinelefoyer.fr?mailpoet_router&amp;endpoint=view_in_browser&amp;action=view&amp;data=WzI0NCwiNDA4MzZhMTU3OGJmIiwwLDAsMjI2LDFd\" target=\"_blank\" title=\"Aper\u00e7u dans un nouvel onglet\">Prochainement au cin\u00e9ma le foyer<\/a><\/span>\n        <\/li><li><span class=\"mailpoet_archive_date\">1 f\u00e9vrier 2026<\/span>\n          <span class=\"mailpoet_archive_subject\"><a href=\"https:\/\/cinelefoyer.fr?mailpoet_router&amp;endpoint=view_in_browser&amp;action=view&amp;data=WzI0MywiMTE4MDk5NGI3NTliIiwwLDAsMjI1LDFd\" target=\"_blank\" title=\"Aper\u00e7u dans un nouvel onglet\">Prochainement au cin\u00e9ma le foyer<\/a><\/span>\n        <\/li><li><span class=\"mailpoet_archive_date\">25 janvier 2026<\/span>\n          <span class=\"mailpoet_archive_subject\"><a href=\"https:\/\/cinelefoyer.fr?mailpoet_router&amp;endpoint=view_in_browser&amp;action=view&amp;data=WzI0MiwiZGNhODI2M2IyN2FjIiwwLDAsMjI0LDFd\" target=\"_blank\" title=\"Aper\u00e7u dans un nouvel onglet\">Prochainement au cin\u00e9ma le foyer<\/a><\/span>\n        <\/li><li><span class=\"mailpoet_archive_date\">18 janvier 2026<\/span>\n          <span class=\"mailpoet_archive_subject\"><a href=\"https:\/\/cinelefoyer.fr?mailpoet_router&amp;endpoint=view_in_browser&amp;action=view&amp;data=WzI0MSwiYjViOWQ5Zjc1N2Q3IiwwLDAsMjIzLDFd\" target=\"_blank\" title=\"Aper\u00e7u dans un nouvel onglet\">Prochainement au cin\u00e9ma le foyer<\/a><\/span>\n        <\/li><li><span class=\"mailpoet_archive_date\">11 janvier 2026<\/span>\n          <span class=\"mailpoet_archive_subject\"><a href=\"https:\/\/cinelefoyer.fr?mailpoet_router&amp;endpoint=view_in_browser&amp;action=view&amp;data=WzI0MCwiOTAxNWViNzZiOWZiIiwwLDAsMjIyLDFd\" target=\"_blank\" title=\"Aper\u00e7u dans un nouvel onglet\">Prochainement au cin\u00e9ma le foyer<\/a><\/span>\n        <\/li><li><span class=\"mailpoet_archive_date\">4 janvier 2026<\/span>\n          <span class=\"mailpoet_archive_subject\"><a href=\"https:\/\/cinelefoyer.fr?mailpoet_router&amp;endpoint=view_in_browser&amp;action=view&amp;data=WzIzOSwiMWI1YjhmYTlhNDJjIiwwLDAsMjIxLDFd\" target=\"_blank\" title=\"Aper\u00e7u dans un nouvel onglet\">Prochainement au cin\u00e9ma le foyer<\/a><\/span>\n        <\/li><li><span class=\"mailpoet_archive_date\">28 d\u00e9cembre 2025<\/span>\n          <span class=\"mailpoet_archive_subject\"><a href=\"https:\/\/cinelefoyer.fr?mailpoet_router&amp;endpoint=view_in_browser&amp;action=view&amp;data=WzIzOCwiMzA1YjM4YjQ4MTZmIiwwLDAsMjIwLDFd\" target=\"_blank\" title=\"Aper\u00e7u dans un nouvel onglet\">Prochainement au cin\u00e9ma le foyer<\/a><\/span>\n        <\/li><\/ul>\n<p>&nbsp;<\/p>\n<p>&nbsp;<\/p>\n<p>Compteur d&rsquo;abonn\u00e9s : <strong>172\u00a0<\/strong> Pourquoi pas vous ?<\/p>\n","protected":false},"excerpt":{"rendered":"<p>Vous voulez \u00eatre au courant de tous les \u00e9v\u00e9nements ou manifestation au Cin\u00e9ma Le Foyer ? Vous voulez recevoir le programme de la semaine par &hellip; <\/p>\n","protected":false},"author":2,"featured_media":0,"parent":0,"menu_order":0,"comment_status":"closed","ping_status":"closed","template":"","meta":{"_mi_skip_tracking":false,"_exactmetrics_sitenote_active":false,"_exactmetrics_sitenote_note":"","_exactmetrics_sitenote_category":0,"footnotes":""},"_links":{"self":[{"href":"https:\/\/cinelefoyer.fr\/index.php\/wp-json\/wp\/v2\/pages\/2319"}],"collection":[{"href":"https:\/\/cinelefoyer.fr\/index.php\/wp-json\/wp\/v2\/pages"}],"about":[{"href":"https:\/\/cinelefoyer.fr\/index.php\/wp-json\/wp\/v2\/types\/page"}],"author":[{"embeddable":true,"href":"https:\/\/cinelefoyer.fr\/index.php\/wp-json\/wp\/v2\/users\/2"}],"replies":[{"embeddable":true,"href":"https:\/\/cinelefoyer.fr\/index.php\/wp-json\/wp\/v2\/comments?post=2319"}],"version-history":[{"count":7,"href":"https:\/\/cinelefoyer.fr\/index.php\/wp-json\/wp\/v2\/pages\/2319\/revisions"}],"predecessor-version":[{"id":4094,"href":"https:\/\/cinelefoyer.fr\/index.php\/wp-json\/wp\/v2\/pages\/2319\/revisions\/4094"}],"wp:attachment":[{"href":"https:\/\/cinelefoyer.fr\/index.php\/wp-json\/wp\/v2\/media?parent=2319"}],"curies":[{"name":"wp","href":"https:\/\/api.w.org\/{rel}","templated":true}]}}